{"id":6655,"date":"2022-01-10T09:32:30","date_gmt":"2022-01-10T08:32:30","guid":{"rendered":"https:\/\/www.intercem.de\/?page_id=6655"},"modified":"2024-04-23T09:56:43","modified_gmt":"2024-04-23T07:56:43","slug":"contact","status":"publish","type":"page","link":"https:\/\/www.intercem.de\/fr\/contact\/","title":{"rendered":"Contact"},"content":{"rendered":"<h2 id=\"tw-target-text\" class=\"tw-data-text tw-text-large tw-ta\" dir=\"ltr\" data-placeholder=\"\u00dcbersetzung\"><span class=\"Y2IQFc\" lang=\"fr\">Activez votre potentiel &#8211; Contactez-nous.<\/span><\/h2>\n\n<div class=\"wpcf7 no-js\" id=\"wpcf7-f6545-o1\" lang=\"fr-FR\" dir=\"ltr\" data-wpcf7-id=\"6545\">\n<div class=\"screen-reader-response\"><p role=\"status\" aria-live=\"polite\" aria-atomic=\"true\"><\/p> <ul><\/ul><\/div>\n<form action=\"\/fr\/wp-json\/wp\/v2\/pages\/6655#wpcf7-f6545-o1\" method=\"post\" class=\"wpcf7-form init\" aria-label=\"Formulaire de contact\" novalidate=\"novalidate\" data-status=\"init\">\n<fieldset class=\"hidden-fields-container\"><input type=\"hidden\" name=\"_wpcf7\" value=\"6545\" \/><input type=\"hidden\" name=\"_wpcf7_version\" value=\"6.1.5\" \/><input type=\"hidden\" name=\"_wpcf7_locale\" value=\"fr_FR\" \/><input type=\"hidden\" name=\"_wpcf7_unit_tag\" value=\"wpcf7-f6545-o1\" \/><input type=\"hidden\" name=\"_wpcf7_container_post\" value=\"0\" \/><input type=\"hidden\" name=\"_wpcf7_posted_data_hash\" value=\"\" \/>\n<\/fieldset>\n<p><label> Ihre Nachricht*<br \/>\n<span class=\"wpcf7-form-control-wrap\" data-name=\"your-message\"><textarea cols=\"40\" rows=\"10\" maxlength=\"2000\" class=\"wpcf7-form-control wpcf7-textarea wpcf7-validates-as-required\" aria-required=\"true\" aria-invalid=\"false\" name=\"your-message\"><\/textarea><\/span> <\/label>\n<\/p>\n<p><label> Ihre E-Mail-Adresse*<br \/>\n<span class=\"wpcf7-form-control-wrap\" data-name=\"your-email\"><input size=\"40\" maxlength=\"400\" class=\"wpcf7-form-control wpcf7-email wpcf7-validates-as-required wpcf7-text wpcf7-validates-as-email\" aria-required=\"true\" aria-invalid=\"false\" value=\"\" type=\"email\" name=\"your-email\" \/><\/span> <\/label>\n<\/p>\n<p><span class=\"wpcf7-form-control-wrap\" data-name=\"datenschutz\"><span class=\"wpcf7-form-control wpcf7-acceptance\"><span class=\"wpcf7-list-item\"><label><input type=\"checkbox\" name=\"datenschutz\" value=\"1\" aria-invalid=\"false\" \/><span class=\"wpcf7-list-item-label\">Ich habe die <a href=\"\/datenschutzerklaerung\/\" title=\"Link zur Datenschutzerkl\u00e4rung\">Datenschutzerkl\u00e4rung<\/a> gelesen und bin damit einverstanden<\/span><\/label><\/span><\/span><\/span>\n<\/p>\n<p><input class=\"wpcf7-form-control wpcf7-submit has-spinner\" type=\"submit\" value=\"Jetzt Kontakt aufnehmen\" \/>\n<\/p><div class=\"wpcf7-response-output\" aria-hidden=\"true\"><\/div>\n<\/form>\n<\/div>\n\n<h2 id=\"tw-target-text\" class=\"tw-data-text tw-text-large tw-ta\" dir=\"ltr\" data-placeholder=\"\u00dcbersetzung\"><span class=\"Y2IQFc\" lang=\"fr\">B\u00e9n\u00e9ficiez de notre exp\u00e9rience<\/span><\/h2>\n<p>Intercem Engineering est l&rsquo;un des principaux fournisseurs d&rsquo;\u00e9quipements et de services d&rsquo;occasion et neufs pour l&rsquo;industrie du ciment. Les installations cl\u00e9s en main sont livr\u00e9es sous la forme d&rsquo;une combinaison d&rsquo;\u00e9quipements d&rsquo;occasion et (si n\u00e9cessaire) neufs. Une \u00e9quipe d&rsquo;ing\u00e9nieurs de haut niveau propose \u00e9galement une ing\u00e9nierie compl\u00e8te de la technologie et la planification de nouvelles lignes de production compl\u00e8tes. Les composants d\u00e9crits ci-dessus peuvent \u00eatre mis en \u0153uvre dans une solution compl\u00e8te si vous le souhaitez.<\/p>\n","protected":false},"excerpt":{"rendered":"<p>Activez votre potentiel &#8211; Contactez-nous. B\u00e9n\u00e9ficiez de notre exp\u00e9rience Intercem Engineering est l&rsquo;un des principaux fournisseurs d&rsquo;\u00e9quipements et de services d&rsquo;occasion et [&hellip;]<\/p>\n","protected":false},"author":1,"featured_media":5418,"parent":0,"menu_order":0,"comment_status":"closed","ping_status":"closed","template":"kontakt.php","meta":{"_acf_changed":false,"inline_featured_image":false,"footnotes":""},"class_list":["post-6655","page","type-page","status-publish","has-post-thumbnail","hentry"],"acf":[],"yoast_head":"<!-- This site is optimized with the Yoast SEO plugin v27.3 - https:\/\/yoast.com\/product\/yoast-seo-wordpress\/ -->\n<title>Contact - Intercem<\/title>\n<meta name=\"robots\" content=\"index, follow, max-snippet:-1, max-image-preview:large, max-video-preview:-1\" \/>\n<link rel=\"canonical\" href=\"https:\/\/www.intercem.de\/fr\/contact\/\" \/>\n<meta property=\"og:locale\" content=\"fr_FR\" \/>\n<meta property=\"og:type\" content=\"article\" \/>\n<meta property=\"og:title\" content=\"Contact - Intercem\" \/>\n<meta property=\"og:description\" content=\"Activez votre potentiel &#8211; Contactez-nous. B\u00e9n\u00e9ficiez de notre exp\u00e9rience Intercem Engineering est l&rsquo;un des principaux fournisseurs d&rsquo;\u00e9quipements et de services d&rsquo;occasion et [&hellip;]\" \/>\n<meta property=\"og:url\" content=\"https:\/\/www.intercem.de\/fr\/contact\/\" \/>\n<meta property=\"og:site_name\" content=\"Intercem\" \/>\n<meta property=\"article:modified_time\" content=\"2024-04-23T07:56:43+00:00\" \/>\n<meta property=\"og:image\" content=\"https:\/\/www.intercem.de\/wp-content\/uploads\/intercem-standort-oelde.jpeg\" \/>\n\t<meta property=\"og:image:width\" content=\"1200\" \/>\n\t<meta property=\"og:image:height\" content=\"759\" \/>\n\t<meta property=\"og:image:type\" content=\"image\/jpeg\" \/>\n<meta name=\"twitter:card\" content=\"summary_large_image\" \/>\n<meta name=\"twitter:label1\" content=\"Dur\u00e9e de lecture estim\u00e9e\" \/>\n\t<meta name=\"twitter:data1\" content=\"1 minute\" \/>\n<script type=\"application\/ld+json\" class=\"yoast-schema-graph\">{\"@context\":\"https:\\\/\\\/schema.org\",\"@graph\":[{\"@type\":\"WebPage\",\"@id\":\"https:\\\/\\\/www.intercem.de\\\/fr\\\/contact\\\/\",\"url\":\"https:\\\/\\\/www.intercem.de\\\/fr\\\/contact\\\/\",\"name\":\"Contact - Intercem\",\"isPartOf\":{\"@id\":\"https:\\\/\\\/www.intercem.de\\\/fr\\\/#website\"},\"primaryImageOfPage\":{\"@id\":\"https:\\\/\\\/www.intercem.de\\\/fr\\\/contact\\\/#primaryimage\"},\"image\":{\"@id\":\"https:\\\/\\\/www.intercem.de\\\/fr\\\/contact\\\/#primaryimage\"},\"thumbnailUrl\":\"https:\\\/\\\/www.intercem.de\\\/wp-content\\\/uploads\\\/intercem-standort-oelde.jpeg\",\"datePublished\":\"2022-01-10T08:32:30+00:00\",\"dateModified\":\"2024-04-23T07:56:43+00:00\",\"breadcrumb\":{\"@id\":\"https:\\\/\\\/www.intercem.de\\\/fr\\\/contact\\\/#breadcrumb\"},\"inLanguage\":\"fr-FR\",\"potentialAction\":[{\"@type\":\"ReadAction\",\"target\":[\"https:\\\/\\\/www.intercem.de\\\/fr\\\/contact\\\/\"]}]},{\"@type\":\"ImageObject\",\"inLanguage\":\"fr-FR\",\"@id\":\"https:\\\/\\\/www.intercem.de\\\/fr\\\/contact\\\/#primaryimage\",\"url\":\"https:\\\/\\\/www.intercem.de\\\/wp-content\\\/uploads\\\/intercem-standort-oelde.jpeg\",\"contentUrl\":\"https:\\\/\\\/www.intercem.de\\\/wp-content\\\/uploads\\\/intercem-standort-oelde.jpeg\",\"width\":1200,\"height\":759},{\"@type\":\"BreadcrumbList\",\"@id\":\"https:\\\/\\\/www.intercem.de\\\/fr\\\/contact\\\/#breadcrumb\",\"itemListElement\":[{\"@type\":\"ListItem\",\"position\":1,\"name\":\"Startseite\",\"item\":\"https:\\\/\\\/www.intercem.de\\\/fr\\\/startseite\\\/\"},{\"@type\":\"ListItem\",\"position\":2,\"name\":\"Contact\"}]},{\"@type\":\"WebSite\",\"@id\":\"https:\\\/\\\/www.intercem.de\\\/fr\\\/#website\",\"url\":\"https:\\\/\\\/www.intercem.de\\\/fr\\\/\",\"name\":\"Intercem\",\"description\":\"\",\"publisher\":{\"@id\":\"https:\\\/\\\/www.intercem.de\\\/fr\\\/#organization\"},\"potentialAction\":[{\"@type\":\"SearchAction\",\"target\":{\"@type\":\"EntryPoint\",\"urlTemplate\":\"https:\\\/\\\/www.intercem.de\\\/fr\\\/?s={search_term_string}\"},\"query-input\":{\"@type\":\"PropertyValueSpecification\",\"valueRequired\":true,\"valueName\":\"search_term_string\"}}],\"inLanguage\":\"fr-FR\"},{\"@type\":\"Organization\",\"@id\":\"https:\\\/\\\/www.intercem.de\\\/fr\\\/#organization\",\"name\":\"Intersem\",\"url\":\"https:\\\/\\\/www.intercem.de\\\/fr\\\/\",\"logo\":{\"@type\":\"ImageObject\",\"inLanguage\":\"fr-FR\",\"@id\":\"https:\\\/\\\/www.intercem.de\\\/fr\\\/#\\\/schema\\\/logo\\\/image\\\/\",\"url\":\"https:\\\/\\\/www.intercem.de\\\/wp-content\\\/uploads\\\/intercem-logo.svg\",\"contentUrl\":\"https:\\\/\\\/www.intercem.de\\\/wp-content\\\/uploads\\\/intercem-logo.svg\",\"width\":\"1024\",\"height\":\"1024\",\"caption\":\"Intersem\"},\"image\":{\"@id\":\"https:\\\/\\\/www.intercem.de\\\/fr\\\/#\\\/schema\\\/logo\\\/image\\\/\"}}]}<\/script>\n<!-- \/ Yoast SEO plugin. -->","yoast_head_json":{"title":"Contact - Intercem","robots":{"index":"index","follow":"follow","max-snippet":"max-snippet:-1","max-image-preview":"max-image-preview:large","max-video-preview":"max-video-preview:-1"},"canonical":"https:\/\/www.intercem.de\/fr\/contact\/","og_locale":"fr_FR","og_type":"article","og_title":"Contact - Intercem","og_description":"Activez votre potentiel &#8211; Contactez-nous. B\u00e9n\u00e9ficiez de notre exp\u00e9rience Intercem Engineering est l&rsquo;un des principaux fournisseurs d&rsquo;\u00e9quipements et de services d&rsquo;occasion et [&hellip;]","og_url":"https:\/\/www.intercem.de\/fr\/contact\/","og_site_name":"Intercem","article_modified_time":"2024-04-23T07:56:43+00:00","og_image":[{"width":1200,"height":759,"url":"https:\/\/www.intercem.de\/wp-content\/uploads\/intercem-standort-oelde.jpeg","type":"image\/jpeg"}],"twitter_card":"summary_large_image","twitter_misc":{"Dur\u00e9e de lecture estim\u00e9e":"1 minute"},"schema":{"@context":"https:\/\/schema.org","@graph":[{"@type":"WebPage","@id":"https:\/\/www.intercem.de\/fr\/contact\/","url":"https:\/\/www.intercem.de\/fr\/contact\/","name":"Contact - Intercem","isPartOf":{"@id":"https:\/\/www.intercem.de\/fr\/#website"},"primaryImageOfPage":{"@id":"https:\/\/www.intercem.de\/fr\/contact\/#primaryimage"},"image":{"@id":"https:\/\/www.intercem.de\/fr\/contact\/#primaryimage"},"thumbnailUrl":"https:\/\/www.intercem.de\/wp-content\/uploads\/intercem-standort-oelde.jpeg","datePublished":"2022-01-10T08:32:30+00:00","dateModified":"2024-04-23T07:56:43+00:00","breadcrumb":{"@id":"https:\/\/www.intercem.de\/fr\/contact\/#breadcrumb"},"inLanguage":"fr-FR","potentialAction":[{"@type":"ReadAction","target":["https:\/\/www.intercem.de\/fr\/contact\/"]}]},{"@type":"ImageObject","inLanguage":"fr-FR","@id":"https:\/\/www.intercem.de\/fr\/contact\/#primaryimage","url":"https:\/\/www.intercem.de\/wp-content\/uploads\/intercem-standort-oelde.jpeg","contentUrl":"https:\/\/www.intercem.de\/wp-content\/uploads\/intercem-standort-oelde.jpeg","width":1200,"height":759},{"@type":"BreadcrumbList","@id":"https:\/\/www.intercem.de\/fr\/contact\/#breadcrumb","itemListElement":[{"@type":"ListItem","position":1,"name":"Startseite","item":"https:\/\/www.intercem.de\/fr\/startseite\/"},{"@type":"ListItem","position":2,"name":"Contact"}]},{"@type":"WebSite","@id":"https:\/\/www.intercem.de\/fr\/#website","url":"https:\/\/www.intercem.de\/fr\/","name":"Intercem","description":"","publisher":{"@id":"https:\/\/www.intercem.de\/fr\/#organization"},"potentialAction":[{"@type":"SearchAction","target":{"@type":"EntryPoint","urlTemplate":"https:\/\/www.intercem.de\/fr\/?s={search_term_string}"},"query-input":{"@type":"PropertyValueSpecification","valueRequired":true,"valueName":"search_term_string"}}],"inLanguage":"fr-FR"},{"@type":"Organization","@id":"https:\/\/www.intercem.de\/fr\/#organization","name":"Intersem","url":"https:\/\/www.intercem.de\/fr\/","logo":{"@type":"ImageObject","inLanguage":"fr-FR","@id":"https:\/\/www.intercem.de\/fr\/#\/schema\/logo\/image\/","url":"https:\/\/www.intercem.de\/wp-content\/uploads\/intercem-logo.svg","contentUrl":"https:\/\/www.intercem.de\/wp-content\/uploads\/intercem-logo.svg","width":"1024","height":"1024","caption":"Intersem"},"image":{"@id":"https:\/\/www.intercem.de\/fr\/#\/schema\/logo\/image\/"}}]}},"_links":{"self":[{"href":"https:\/\/www.intercem.de\/fr\/wp-json\/wp\/v2\/pages\/6655","targetHints":{"allow":["GET"]}}],"collection":[{"href":"https:\/\/www.intercem.de\/fr\/wp-json\/wp\/v2\/pages"}],"about":[{"href":"https:\/\/www.intercem.de\/fr\/wp-json\/wp\/v2\/types\/page"}],"author":[{"embeddable":true,"href":"https:\/\/www.intercem.de\/fr\/wp-json\/wp\/v2\/users\/1"}],"replies":[{"embeddable":true,"href":"https:\/\/www.intercem.de\/fr\/wp-json\/wp\/v2\/comments?post=6655"}],"version-history":[{"count":5,"href":"https:\/\/www.intercem.de\/fr\/wp-json\/wp\/v2\/pages\/6655\/revisions"}],"predecessor-version":[{"id":8106,"href":"https:\/\/www.intercem.de\/fr\/wp-json\/wp\/v2\/pages\/6655\/revisions\/8106"}],"wp:featuredmedia":[{"embeddable":true,"href":"https:\/\/www.intercem.de\/fr\/wp-json\/wp\/v2\/media\/5418"}],"wp:attachment":[{"href":"https:\/\/www.intercem.de\/fr\/wp-json\/wp\/v2\/media?parent=6655"}],"curies":[{"name":"wp","href":"https:\/\/api.w.org\/{rel}","templated":true}]}}