{"id":6649,"date":"2021-12-21T13:31:41","date_gmt":"2021-12-21T12:31:41","guid":{"rendered":"https:\/\/www.intercem.de\/?page_id=6649"},"modified":"2022-03-01T11:41:18","modified_gmt":"2022-03-01T10:41:18","slug":"think-bigger-with-intercem","status":"publish","type":"page","link":"https:\/\/www.intercem.de\/fr\/think-bigger-with-intercem\/","title":{"rendered":"Think bigger \u2013 with InterCem"},"content":{"rendered":"<h2>Solutions int\u00e9grales pour l&rsquo;industrie du ciment<\/h2>\n<p>Le groupe Intercem est une entreprise leader dans la fourniture de solutions globales pour les exploitants de cimenteries. Les investisseurs qui cherchent \u00e0 s&rsquo;implanter dans l&rsquo;industrie du ciment trouveront en Intercem le partenaire id\u00e9al pour la planification, l&rsquo;ing\u00e9nierie d\u00e9taill\u00e9e et la r\u00e9alisation de projets greenfield. Notre sp\u00e9cialit\u00e9 est la transformation et la modernisation d&rsquo;installations de production telles que les installations de broyage et d&#8217;emballage, les fours rotatifs pour la production de clinker, etc. Nos concepts, machines et services sont \u00e0 la pointe de la technologie.<\/p>\n","protected":false},"excerpt":{"rendered":"<p>Solutions int\u00e9grales pour l&rsquo;industrie du ciment Le groupe Intercem est une entreprise leader dans la fourniture de solutions globales pour les exploitants [&hellip;]<\/p>\n","protected":false},"author":1,"featured_media":7383,"parent":0,"menu_order":0,"comment_status":"closed","ping_status":"closed","template":"ueber-uns.php","meta":{"_acf_changed":false,"inline_featured_image":false,"footnotes":""},"class_list":["post-6649","page","type-page","status-publish","has-post-thumbnail","hentry"],"acf":[],"yoast_head":"<!-- This site is optimized with the Yoast SEO plugin v27.3 - https:\/\/yoast.com\/product\/yoast-seo-wordpress\/ -->\n<title>Think bigger \u2013 with InterCem - Intercem<\/title>\n<meta name=\"robots\" content=\"index, follow, max-snippet:-1, max-image-preview:large, max-video-preview:-1\" \/>\n<link rel=\"canonical\" href=\"https:\/\/www.intercem.de\/fr\/think-bigger-with-intercem\/\" \/>\n<meta property=\"og:locale\" content=\"fr_FR\" \/>\n<meta property=\"og:type\" content=\"article\" \/>\n<meta property=\"og:title\" content=\"Think bigger \u2013 with InterCem - Intercem\" \/>\n<meta property=\"og:description\" content=\"Solutions int\u00e9grales pour l&rsquo;industrie du ciment Le groupe Intercem est une entreprise leader dans la fourniture de solutions globales pour les exploitants [&hellip;]\" \/>\n<meta property=\"og:url\" content=\"https:\/\/www.intercem.de\/fr\/think-bigger-with-intercem\/\" \/>\n<meta property=\"og:site_name\" content=\"Intercem\" \/>\n<meta property=\"article:modified_time\" content=\"2022-03-01T10:41:18+00:00\" \/>\n<meta property=\"og:image\" content=\"https:\/\/www.intercem.de\/wp-content\/uploads\/Karriere-3-scaled.jpg\" \/>\n\t<meta property=\"og:image:width\" content=\"2560\" \/>\n\t<meta property=\"og:image:height\" content=\"1706\" \/>\n\t<meta property=\"og:image:type\" content=\"image\/jpeg\" \/>\n<meta name=\"twitter:card\" content=\"summary_large_image\" \/>\n<script type=\"application\/ld+json\" class=\"yoast-schema-graph\">{\"@context\":\"https:\\\/\\\/schema.org\",\"@graph\":[{\"@type\":\"WebPage\",\"@id\":\"https:\\\/\\\/www.intercem.de\\\/fr\\\/think-bigger-with-intercem\\\/\",\"url\":\"https:\\\/\\\/www.intercem.de\\\/fr\\\/think-bigger-with-intercem\\\/\",\"name\":\"Think bigger \u2013 with InterCem - Intercem\",\"isPartOf\":{\"@id\":\"https:\\\/\\\/www.intercem.de\\\/fr\\\/#website\"},\"primaryImageOfPage\":{\"@id\":\"https:\\\/\\\/www.intercem.de\\\/fr\\\/think-bigger-with-intercem\\\/#primaryimage\"},\"image\":{\"@id\":\"https:\\\/\\\/www.intercem.de\\\/fr\\\/think-bigger-with-intercem\\\/#primaryimage\"},\"thumbnailUrl\":\"https:\\\/\\\/www.intercem.de\\\/wp-content\\\/uploads\\\/Karriere-3-scaled.jpg\",\"datePublished\":\"2021-12-21T12:31:41+00:00\",\"dateModified\":\"2022-03-01T10:41:18+00:00\",\"breadcrumb\":{\"@id\":\"https:\\\/\\\/www.intercem.de\\\/fr\\\/think-bigger-with-intercem\\\/#breadcrumb\"},\"inLanguage\":\"fr-FR\",\"potentialAction\":[{\"@type\":\"ReadAction\",\"target\":[\"https:\\\/\\\/www.intercem.de\\\/fr\\\/think-bigger-with-intercem\\\/\"]}]},{\"@type\":\"ImageObject\",\"inLanguage\":\"fr-FR\",\"@id\":\"https:\\\/\\\/www.intercem.de\\\/fr\\\/think-bigger-with-intercem\\\/#primaryimage\",\"url\":\"https:\\\/\\\/www.intercem.de\\\/wp-content\\\/uploads\\\/Karriere-3-scaled.jpg\",\"contentUrl\":\"https:\\\/\\\/www.intercem.de\\\/wp-content\\\/uploads\\\/Karriere-3-scaled.jpg\",\"width\":2560,\"height\":1706},{\"@type\":\"BreadcrumbList\",\"@id\":\"https:\\\/\\\/www.intercem.de\\\/fr\\\/think-bigger-with-intercem\\\/#breadcrumb\",\"itemListElement\":[{\"@type\":\"ListItem\",\"position\":1,\"name\":\"Startseite\",\"item\":\"https:\\\/\\\/www.intercem.de\\\/fr\\\/startseite\\\/\"},{\"@type\":\"ListItem\",\"position\":2,\"name\":\"Think bigger \u2013 with InterCem\"}]},{\"@type\":\"WebSite\",\"@id\":\"https:\\\/\\\/www.intercem.de\\\/fr\\\/#website\",\"url\":\"https:\\\/\\\/www.intercem.de\\\/fr\\\/\",\"name\":\"Intercem\",\"description\":\"\",\"publisher\":{\"@id\":\"https:\\\/\\\/www.intercem.de\\\/fr\\\/#organization\"},\"potentialAction\":[{\"@type\":\"SearchAction\",\"target\":{\"@type\":\"EntryPoint\",\"urlTemplate\":\"https:\\\/\\\/www.intercem.de\\\/fr\\\/?s={search_term_string}\"},\"query-input\":{\"@type\":\"PropertyValueSpecification\",\"valueRequired\":true,\"valueName\":\"search_term_string\"}}],\"inLanguage\":\"fr-FR\"},{\"@type\":\"Organization\",\"@id\":\"https:\\\/\\\/www.intercem.de\\\/fr\\\/#organization\",\"name\":\"Intersem\",\"url\":\"https:\\\/\\\/www.intercem.de\\\/fr\\\/\",\"logo\":{\"@type\":\"ImageObject\",\"inLanguage\":\"fr-FR\",\"@id\":\"https:\\\/\\\/www.intercem.de\\\/fr\\\/#\\\/schema\\\/logo\\\/image\\\/\",\"url\":\"https:\\\/\\\/www.intercem.de\\\/wp-content\\\/uploads\\\/intercem-logo.svg\",\"contentUrl\":\"https:\\\/\\\/www.intercem.de\\\/wp-content\\\/uploads\\\/intercem-logo.svg\",\"width\":\"1024\",\"height\":\"1024\",\"caption\":\"Intersem\"},\"image\":{\"@id\":\"https:\\\/\\\/www.intercem.de\\\/fr\\\/#\\\/schema\\\/logo\\\/image\\\/\"}}]}<\/script>\n<!-- \/ Yoast SEO plugin. -->","yoast_head_json":{"title":"Think bigger \u2013 with InterCem - Intercem","robots":{"index":"index","follow":"follow","max-snippet":"max-snippet:-1","max-image-preview":"max-image-preview:large","max-video-preview":"max-video-preview:-1"},"canonical":"https:\/\/www.intercem.de\/fr\/think-bigger-with-intercem\/","og_locale":"fr_FR","og_type":"article","og_title":"Think bigger \u2013 with InterCem - Intercem","og_description":"Solutions int\u00e9grales pour l&rsquo;industrie du ciment Le groupe Intercem est une entreprise leader dans la fourniture de solutions globales pour les exploitants [&hellip;]","og_url":"https:\/\/www.intercem.de\/fr\/think-bigger-with-intercem\/","og_site_name":"Intercem","article_modified_time":"2022-03-01T10:41:18+00:00","og_image":[{"width":2560,"height":1706,"url":"https:\/\/www.intercem.de\/wp-content\/uploads\/Karriere-3-scaled.jpg","type":"image\/jpeg"}],"twitter_card":"summary_large_image","schema":{"@context":"https:\/\/schema.org","@graph":[{"@type":"WebPage","@id":"https:\/\/www.intercem.de\/fr\/think-bigger-with-intercem\/","url":"https:\/\/www.intercem.de\/fr\/think-bigger-with-intercem\/","name":"Think bigger \u2013 with InterCem - Intercem","isPartOf":{"@id":"https:\/\/www.intercem.de\/fr\/#website"},"primaryImageOfPage":{"@id":"https:\/\/www.intercem.de\/fr\/think-bigger-with-intercem\/#primaryimage"},"image":{"@id":"https:\/\/www.intercem.de\/fr\/think-bigger-with-intercem\/#primaryimage"},"thumbnailUrl":"https:\/\/www.intercem.de\/wp-content\/uploads\/Karriere-3-scaled.jpg","datePublished":"2021-12-21T12:31:41+00:00","dateModified":"2022-03-01T10:41:18+00:00","breadcrumb":{"@id":"https:\/\/www.intercem.de\/fr\/think-bigger-with-intercem\/#breadcrumb"},"inLanguage":"fr-FR","potentialAction":[{"@type":"ReadAction","target":["https:\/\/www.intercem.de\/fr\/think-bigger-with-intercem\/"]}]},{"@type":"ImageObject","inLanguage":"fr-FR","@id":"https:\/\/www.intercem.de\/fr\/think-bigger-with-intercem\/#primaryimage","url":"https:\/\/www.intercem.de\/wp-content\/uploads\/Karriere-3-scaled.jpg","contentUrl":"https:\/\/www.intercem.de\/wp-content\/uploads\/Karriere-3-scaled.jpg","width":2560,"height":1706},{"@type":"BreadcrumbList","@id":"https:\/\/www.intercem.de\/fr\/think-bigger-with-intercem\/#breadcrumb","itemListElement":[{"@type":"ListItem","position":1,"name":"Startseite","item":"https:\/\/www.intercem.de\/fr\/startseite\/"},{"@type":"ListItem","position":2,"name":"Think bigger \u2013 with InterCem"}]},{"@type":"WebSite","@id":"https:\/\/www.intercem.de\/fr\/#website","url":"https:\/\/www.intercem.de\/fr\/","name":"Intercem","description":"","publisher":{"@id":"https:\/\/www.intercem.de\/fr\/#organization"},"potentialAction":[{"@type":"SearchAction","target":{"@type":"EntryPoint","urlTemplate":"https:\/\/www.intercem.de\/fr\/?s={search_term_string}"},"query-input":{"@type":"PropertyValueSpecification","valueRequired":true,"valueName":"search_term_string"}}],"inLanguage":"fr-FR"},{"@type":"Organization","@id":"https:\/\/www.intercem.de\/fr\/#organization","name":"Intersem","url":"https:\/\/www.intercem.de\/fr\/","logo":{"@type":"ImageObject","inLanguage":"fr-FR","@id":"https:\/\/www.intercem.de\/fr\/#\/schema\/logo\/image\/","url":"https:\/\/www.intercem.de\/wp-content\/uploads\/intercem-logo.svg","contentUrl":"https:\/\/www.intercem.de\/wp-content\/uploads\/intercem-logo.svg","width":"1024","height":"1024","caption":"Intersem"},"image":{"@id":"https:\/\/www.intercem.de\/fr\/#\/schema\/logo\/image\/"}}]}},"_links":{"self":[{"href":"https:\/\/www.intercem.de\/fr\/wp-json\/wp\/v2\/pages\/6649","targetHints":{"allow":["GET"]}}],"collection":[{"href":"https:\/\/www.intercem.de\/fr\/wp-json\/wp\/v2\/pages"}],"about":[{"href":"https:\/\/www.intercem.de\/fr\/wp-json\/wp\/v2\/types\/page"}],"author":[{"embeddable":true,"href":"https:\/\/www.intercem.de\/fr\/wp-json\/wp\/v2\/users\/1"}],"replies":[{"embeddable":true,"href":"https:\/\/www.intercem.de\/fr\/wp-json\/wp\/v2\/comments?post=6649"}],"version-history":[{"count":10,"href":"https:\/\/www.intercem.de\/fr\/wp-json\/wp\/v2\/pages\/6649\/revisions"}],"predecessor-version":[{"id":7401,"href":"https:\/\/www.intercem.de\/fr\/wp-json\/wp\/v2\/pages\/6649\/revisions\/7401"}],"wp:featuredmedia":[{"embeddable":true,"href":"https:\/\/www.intercem.de\/fr\/wp-json\/wp\/v2\/media\/7383"}],"wp:attachment":[{"href":"https:\/\/www.intercem.de\/fr\/wp-json\/wp\/v2\/media?parent=6649"}],"curies":[{"name":"wp","href":"https:\/\/api.w.org\/{rel}","templated":true}]}}