{"id":7091,"date":"2022-01-14T15:18:26","date_gmt":"2022-01-14T14:18:26","guid":{"rendered":"https:\/\/www.intercem.de\/impressum\/"},"modified":"2024-04-23T09:37:42","modified_gmt":"2024-04-23T07:37:42","slug":"legal-notice","status":"publish","type":"page","link":"https:\/\/www.intercem.de\/en\/legal-notice\/","title":{"rendered":"Legal Notice"},"content":{"rendered":"<h2>Angaben gem\u00e4\u00df \u00a7 5 TMG:<\/h2>\n<p>Intercem Engineering GmbH<br \/>\nCarl-Zeiss-Str. 10<br \/>\n59302 Oelde<br \/>\nDeutschland<\/p>\n<p>Tel.: +49 2522 92058-0<br \/>\nFax: +49 2522 92058-20<br \/>\nE-Mail: <a href=\"mailto:info@intercem.de\">info@intercem.de<\/a><\/p>\n<p>Vertretungsberechtigter Gesch\u00e4ftsf\u00fchrer: Dipl. Ing. Olaf Michelswirth<br \/>\nRegistergericht &amp; -nummer: Amtsgericht M\u00fcnster\/HRB<br \/>\nUmsatzsteuer-Identifikationsnummer gem\u00e4\u00df \u00a7 27 a Umsatzsteuergesetz: DE 813729105<\/p>\n<p>Intercem Installation GmbH<br \/>\nCarl-Zeiss-Str. 10<br \/>\n59302 Oelde<br \/>\nDeutschland<\/p>\n<p>Tel.: +49 2522 92058-0<br \/>\nFax: +49 2522 92058-33<br \/>\nE-Mail: <a href=\"mailto:info@intercem.de\">info@intercem.de<\/a><\/p>\n<p>Vertretungsberechtigter Gesch\u00e4ftsf\u00fchrer: Andrias Sola<br \/>\nRegistergericht &amp; -nummer: Amtsgericht M\u00fcnster\/HRB 11030<br \/>\nUmsatzsteuer-Identifikationsnummer gem\u00e4\u00df \u00a7 27 a Umsatzsteuergesetz: DE 814871713<\/p>\n<h2>Verantwortlich f\u00fcr den Inhalt:<\/h2>\n<p>Intercem Engineering GmbH<br \/>\nCarl-Zeiss-Str. 10<br \/>\n59302 Oelde<br \/>\nDeutschland<\/p>\n<h2>Streitschlichtung<\/h2>\n<p>Die Europ\u00e4ische Kommission stellt eine Plattform zur Online-Streitbeilegung (OS) bereit:\u00a0<a href=\"https:\/\/ec.europa.eu\/consumers\/odr\" target=\"_blank\" rel=\"noopener noreferrer\">https:\/\/ec.europa.eu\/consumers\/odr<\/a>.<br \/>\nUnsere E-Mail-Adresse finden Sie oben im Impressum.<\/p>\n<p>Wir sind nicht bereit oder verpflichtet, an Streitbeilegungsverfahren vor einer Verbraucherschlichtungsstelle teilzunehmen.<\/p>\n<h2>Disclaimer<\/h2>\n<h3>Haftung f\u00fcr Inhalte<\/h3>\n<p>Als Diensteanbieter sind wir gem\u00e4\u00df \u00a7 7 Abs.1 TMG f\u00fcr eigene Inhalte auf diesen Seiten nach den allgemeinen Gesetzen verantwortlich. Nach \u00a7\u00a7 8 bis 10 TMG sind wir als Diensteanbieter jedoch nicht verpflichtet, \u00fcbermittelte oder gespeicherte fremde Informationen zu \u00fcberwachen oder nach Umst\u00e4nden zu forschen, die auf eine rechtswidrige T\u00e4tigkeit hinweisen.<\/p>\n<p>Verpflichtungen zur Entfernung oder Sperrung der Nutzung von Informationen nach den allgemeinen Gesetzen bleiben hiervon unber\u00fchrt. Eine diesbez\u00fcgliche Haftung ist jedoch erst ab dem Zeitpunkt der Kenntnis einer konkreten Rechtsverletzung m\u00f6glich. Bei Bekanntwerden von entsprechenden Rechtsverletzungen werden wir diese Inhalte umgehend entfernen.<\/p>\n<h3>Haftung f\u00fcr Links<\/h3>\n<p>Unser Angebot enth\u00e4lt Links zu externen Websites Dritter, auf deren Inhalte wir keinen Einfluss haben. Deshalb k\u00f6nnen wir f\u00fcr diese fremden Inhalte auch keine Gew\u00e4hr \u00fcbernehmen. F\u00fcr die Inhalte der verlinkten Seiten ist stets der jeweilige Anbieter oder Betreiber der Seiten verantwortlich. Die verlinkten Seiten wurden zum Zeitpunkt der Verlinkung auf m\u00f6gliche Rechtsverst\u00f6\u00dfe \u00fcberpr\u00fcft. Rechtswidrige Inhalte waren zum Zeitpunkt der Verlinkung nicht erkennbar.<\/p>\n<p>Eine permanente inhaltliche Kontrolle der verlinkten Seiten ist jedoch ohne konkrete Anhaltspunkte einer Rechtsverletzung nicht zumutbar. Bei Bekanntwerden von Rechtsverletzungen werden wir derartige Links umgehend entfernen.<\/p>\n<h3>Urheberrecht<\/h3>\n<p>Die durch die Seitenbetreiber erstellten Inhalte und Werke auf diesen Seiten unterliegen dem deutschen Urheberrecht. Die Vervielf\u00e4ltigung, Bearbeitung, Verbreitung und jede Art der Verwertung au\u00dferhalb der Grenzen des Urheberrechtes bed\u00fcrfen der schriftlichen Zustimmung des jeweiligen Autors bzw. Erstellers. Downloads und Kopien dieser Seite sind nur f\u00fcr den privaten, nicht kommerziellen Gebrauch gestattet.<\/p>\n<p>Soweit die Inhalte auf dieser Seite nicht vom Betreiber erstellt wurden, werden die Urheberrechte Dritter beachtet. Insbesondere werden Inhalte Dritter als solche gekennzeichnet. Sollten Sie trotzdem auf eine Urheberrechtsverletzung aufmerksam werden, bitten wir um einen entsprechenden Hinweis. Bei Bekanntwerden von Rechtsverletzungen werden wir derartige Inhalte umgehend entfernen.<\/p>\n","protected":false},"excerpt":{"rendered":"<p>Angaben gem\u00e4\u00df \u00a7 5 TMG: Intercem Engineering GmbH Carl-Zeiss-Str. 10 59302 Oelde Deutschland Tel.: +49 2522 92058-0 Fax: +49 2522 92058-20 E-Mail: [&hellip;]<\/p>\n","protected":false},"author":1,"featured_media":0,"parent":0,"menu_order":0,"comment_status":"closed","ping_status":"closed","template":"","meta":{"_acf_changed":false,"inline_featured_image":false,"footnotes":""},"class_list":["post-7091","page","type-page","status-publish","hentry"],"acf":[],"yoast_head":"<!-- This site is optimized with the Yoast SEO plugin v27.3 - https:\/\/yoast.com\/product\/yoast-seo-wordpress\/ -->\n<title>Legal Notice - Intercem<\/title>\n<meta name=\"robots\" content=\"index, follow, max-snippet:-1, max-image-preview:large, max-video-preview:-1\" \/>\n<link rel=\"canonical\" href=\"https:\/\/www.intercem.de\/en\/legal-notice\/\" \/>\n<meta property=\"og:locale\" content=\"en_US\" \/>\n<meta property=\"og:type\" content=\"article\" \/>\n<meta property=\"og:title\" content=\"Legal Notice - Intercem\" \/>\n<meta property=\"og:description\" content=\"Angaben gem\u00e4\u00df \u00a7 5 TMG: Intercem Engineering GmbH Carl-Zeiss-Str. 10 59302 Oelde Deutschland Tel.: +49 2522 92058-0 Fax: +49 2522 92058-20 E-Mail: [&hellip;]\" \/>\n<meta property=\"og:url\" content=\"https:\/\/www.intercem.de\/en\/legal-notice\/\" \/>\n<meta property=\"og:site_name\" content=\"Intercem\" \/>\n<meta property=\"article:modified_time\" content=\"2024-04-23T07:37:42+00:00\" \/>\n<meta name=\"twitter:card\" content=\"summary_large_image\" \/>\n<meta name=\"twitter:label1\" content=\"Est. reading time\" \/>\n\t<meta name=\"twitter:data1\" content=\"3 minutes\" \/>\n<script type=\"application\/ld+json\" class=\"yoast-schema-graph\">{\"@context\":\"https:\\\/\\\/schema.org\",\"@graph\":[{\"@type\":\"WebPage\",\"@id\":\"https:\\\/\\\/www.intercem.de\\\/en\\\/legal-notice\\\/\",\"url\":\"https:\\\/\\\/www.intercem.de\\\/en\\\/legal-notice\\\/\",\"name\":\"Legal Notice - Intercem\",\"isPartOf\":{\"@id\":\"https:\\\/\\\/www.intercem.de\\\/en\\\/#website\"},\"datePublished\":\"2022-01-14T14:18:26+00:00\",\"dateModified\":\"2024-04-23T07:37:42+00:00\",\"breadcrumb\":{\"@id\":\"https:\\\/\\\/www.intercem.de\\\/en\\\/legal-notice\\\/#breadcrumb\"},\"inLanguage\":\"en-US\",\"potentialAction\":[{\"@type\":\"ReadAction\",\"target\":[\"https:\\\/\\\/www.intercem.de\\\/en\\\/legal-notice\\\/\"]}]},{\"@type\":\"BreadcrumbList\",\"@id\":\"https:\\\/\\\/www.intercem.de\\\/en\\\/legal-notice\\\/#breadcrumb\",\"itemListElement\":[{\"@type\":\"ListItem\",\"position\":1,\"name\":\"Startseite\",\"item\":\"https:\\\/\\\/www.intercem.de\\\/en\\\/startseite\\\/\"},{\"@type\":\"ListItem\",\"position\":2,\"name\":\"Legal Notice\"}]},{\"@type\":\"WebSite\",\"@id\":\"https:\\\/\\\/www.intercem.de\\\/en\\\/#website\",\"url\":\"https:\\\/\\\/www.intercem.de\\\/en\\\/\",\"name\":\"Intercem\",\"description\":\"\",\"publisher\":{\"@id\":\"https:\\\/\\\/www.intercem.de\\\/en\\\/#organization\"},\"potentialAction\":[{\"@type\":\"SearchAction\",\"target\":{\"@type\":\"EntryPoint\",\"urlTemplate\":\"https:\\\/\\\/www.intercem.de\\\/en\\\/?s={search_term_string}\"},\"query-input\":{\"@type\":\"PropertyValueSpecification\",\"valueRequired\":true,\"valueName\":\"search_term_string\"}}],\"inLanguage\":\"en-US\"},{\"@type\":\"Organization\",\"@id\":\"https:\\\/\\\/www.intercem.de\\\/en\\\/#organization\",\"name\":\"Intersem\",\"url\":\"https:\\\/\\\/www.intercem.de\\\/en\\\/\",\"logo\":{\"@type\":\"ImageObject\",\"inLanguage\":\"en-US\",\"@id\":\"https:\\\/\\\/www.intercem.de\\\/en\\\/#\\\/schema\\\/logo\\\/image\\\/\",\"url\":\"https:\\\/\\\/www.intercem.de\\\/wp-content\\\/uploads\\\/intercem-logo.svg\",\"contentUrl\":\"https:\\\/\\\/www.intercem.de\\\/wp-content\\\/uploads\\\/intercem-logo.svg\",\"width\":\"1024\",\"height\":\"1024\",\"caption\":\"Intersem\"},\"image\":{\"@id\":\"https:\\\/\\\/www.intercem.de\\\/en\\\/#\\\/schema\\\/logo\\\/image\\\/\"}}]}<\/script>\n<!-- \/ Yoast SEO plugin. -->","yoast_head_json":{"title":"Legal Notice - Intercem","robots":{"index":"index","follow":"follow","max-snippet":"max-snippet:-1","max-image-preview":"max-image-preview:large","max-video-preview":"max-video-preview:-1"},"canonical":"https:\/\/www.intercem.de\/en\/legal-notice\/","og_locale":"en_US","og_type":"article","og_title":"Legal Notice - Intercem","og_description":"Angaben gem\u00e4\u00df \u00a7 5 TMG: Intercem Engineering GmbH Carl-Zeiss-Str. 10 59302 Oelde Deutschland Tel.: +49 2522 92058-0 Fax: +49 2522 92058-20 E-Mail: [&hellip;]","og_url":"https:\/\/www.intercem.de\/en\/legal-notice\/","og_site_name":"Intercem","article_modified_time":"2024-04-23T07:37:42+00:00","twitter_card":"summary_large_image","twitter_misc":{"Est. reading time":"3 minutes"},"schema":{"@context":"https:\/\/schema.org","@graph":[{"@type":"WebPage","@id":"https:\/\/www.intercem.de\/en\/legal-notice\/","url":"https:\/\/www.intercem.de\/en\/legal-notice\/","name":"Legal Notice - Intercem","isPartOf":{"@id":"https:\/\/www.intercem.de\/en\/#website"},"datePublished":"2022-01-14T14:18:26+00:00","dateModified":"2024-04-23T07:37:42+00:00","breadcrumb":{"@id":"https:\/\/www.intercem.de\/en\/legal-notice\/#breadcrumb"},"inLanguage":"en-US","potentialAction":[{"@type":"ReadAction","target":["https:\/\/www.intercem.de\/en\/legal-notice\/"]}]},{"@type":"BreadcrumbList","@id":"https:\/\/www.intercem.de\/en\/legal-notice\/#breadcrumb","itemListElement":[{"@type":"ListItem","position":1,"name":"Startseite","item":"https:\/\/www.intercem.de\/en\/startseite\/"},{"@type":"ListItem","position":2,"name":"Legal Notice"}]},{"@type":"WebSite","@id":"https:\/\/www.intercem.de\/en\/#website","url":"https:\/\/www.intercem.de\/en\/","name":"Intercem","description":"","publisher":{"@id":"https:\/\/www.intercem.de\/en\/#organization"},"potentialAction":[{"@type":"SearchAction","target":{"@type":"EntryPoint","urlTemplate":"https:\/\/www.intercem.de\/en\/?s={search_term_string}"},"query-input":{"@type":"PropertyValueSpecification","valueRequired":true,"valueName":"search_term_string"}}],"inLanguage":"en-US"},{"@type":"Organization","@id":"https:\/\/www.intercem.de\/en\/#organization","name":"Intersem","url":"https:\/\/www.intercem.de\/en\/","logo":{"@type":"ImageObject","inLanguage":"en-US","@id":"https:\/\/www.intercem.de\/en\/#\/schema\/logo\/image\/","url":"https:\/\/www.intercem.de\/wp-content\/uploads\/intercem-logo.svg","contentUrl":"https:\/\/www.intercem.de\/wp-content\/uploads\/intercem-logo.svg","width":"1024","height":"1024","caption":"Intersem"},"image":{"@id":"https:\/\/www.intercem.de\/en\/#\/schema\/logo\/image\/"}}]}},"_links":{"self":[{"href":"https:\/\/www.intercem.de\/en\/wp-json\/wp\/v2\/pages\/7091","targetHints":{"allow":["GET"]}}],"collection":[{"href":"https:\/\/www.intercem.de\/en\/wp-json\/wp\/v2\/pages"}],"about":[{"href":"https:\/\/www.intercem.de\/en\/wp-json\/wp\/v2\/types\/page"}],"author":[{"embeddable":true,"href":"https:\/\/www.intercem.de\/en\/wp-json\/wp\/v2\/users\/1"}],"replies":[{"embeddable":true,"href":"https:\/\/www.intercem.de\/en\/wp-json\/wp\/v2\/comments?post=7091"}],"version-history":[{"count":3,"href":"https:\/\/www.intercem.de\/en\/wp-json\/wp\/v2\/pages\/7091\/revisions"}],"predecessor-version":[{"id":8096,"href":"https:\/\/www.intercem.de\/en\/wp-json\/wp\/v2\/pages\/7091\/revisions\/8096"}],"wp:attachment":[{"href":"https:\/\/www.intercem.de\/en\/wp-json\/wp\/v2\/media?parent=7091"}],"curies":[{"name":"wp","href":"https:\/\/api.w.org\/{rel}","templated":true}]}}